{"id":14,"date":"2022-12-26T19:50:04","date_gmt":"2022-12-26T19:50:04","guid":{"rendered":"https:\/\/lifeysalud.cl\/?page_id=14"},"modified":"2024-01-30T21:23:15","modified_gmt":"2024-01-30T21:23:15","slug":"sobre-nosotros","status":"publish","type":"page","link":"https:\/\/lifeysalud.cl\/index.php\/sobre-nosotros\/","title":{"rendered":"Sobre Nosotros"},"content":{"rendered":"\t\t<div data-elementor-type=\"wp-page\" data-elementor-id=\"14\" class=\"elementor elementor-14\">\n\t\t\t\t\t\t<section class=\"elementor-section elementor-top-section elementor-element elementor-element-a19e8fa elementor-section-boxed elementor-section-height-default elementor-section-height-default\" data-id=\"a19e8fa\" data-element_type=\"section\" data-e-type=\"section\">\n\t\t\t\t\t\t<div class=\"elementor-container elementor-column-gap-default\">\n\t\t\t\t\t<div class=\"elementor-column elementor-col-100 elementor-top-column elementor-element elementor-element-de6efba\" data-id=\"de6efba\" data-element_type=\"column\" data-e-type=\"column\">\n\t\t\t<div class=\"elementor-widget-wrap elementor-element-populated\">\n\t\t\t\t\t\t<div class=\"elementor-element elementor-element-3933921 elementor-widget elementor-widget-spacer\" data-id=\"3933921\" data-element_type=\"widget\" data-e-type=\"widget\" data-widget_type=\"spacer.default\">\n\t\t\t\t<div class=\"elementor-widget-container\">\n\t\t\t\t\t\t\t<div class=\"elementor-spacer\">\n\t\t\t<div class=\"elementor-spacer-inner\"><\/div>\n\t\t<\/div>\n\t\t\t\t\t\t<\/div>\n\t\t\t\t<\/div>\n\t\t\t\t\t<\/div>\n\t\t<\/div>\n\t\t\t\t\t<\/div>\n\t\t<\/section>\n\t\t\t\t<section class=\"elementor-section elementor-top-section elementor-element elementor-element-91def72 elementor-section-boxed elementor-section-height-default elementor-section-height-default\" data-id=\"91def72\" data-element_type=\"section\" data-e-type=\"section\">\n\t\t\t\t\t\t<div class=\"elementor-container elementor-column-gap-default\">\n\t\t\t\t\t<div class=\"elementor-column elementor-col-50 elementor-top-column elementor-element elementor-element-4ebac78\" data-id=\"4ebac78\" data-element_type=\"column\" data-e-type=\"column\">\n\t\t\t<div class=\"elementor-widget-wrap elementor-element-populated\">\n\t\t\t\t\t\t<div class=\"elementor-element elementor-element-abf8488 elementor-widget__width-initial elementor-widget elementor-widget-image\" data-id=\"abf8488\" data-element_type=\"widget\" data-e-type=\"widget\" data-widget_type=\"image.default\">\n\t\t\t\t<div class=\"elementor-widget-container\">\n\t\t\t\t\t\t\t\t\t\t\t\t\t\t\t<img fetchpriority=\"high\" decoding=\"async\" width=\"1152\" height=\"1536\" src=\"https:\/\/lifeysalud.cl\/wp-content\/uploads\/2024\/01\/IMG_0813-1152x1536.jpg\" class=\"attachment-1536x1536 size-1536x1536 wp-image-1377\" alt=\"\" srcset=\"https:\/\/lifeysalud.cl\/wp-content\/uploads\/2024\/01\/IMG_0813-1152x1536.jpg 1152w, https:\/\/lifeysalud.cl\/wp-content\/uploads\/2024\/01\/IMG_0813-scaled-600x800.jpg 600w, https:\/\/lifeysalud.cl\/wp-content\/uploads\/2024\/01\/IMG_0813-225x300.jpg 225w, https:\/\/lifeysalud.cl\/wp-content\/uploads\/2024\/01\/IMG_0813-768x1024.jpg 768w, https:\/\/lifeysalud.cl\/wp-content\/uploads\/2024\/01\/IMG_0813-1536x2048.jpg 1536w, https:\/\/lifeysalud.cl\/wp-content\/uploads\/2024\/01\/IMG_0813-scaled.jpg 1920w\" sizes=\"(max-width: 1152px) 100vw, 1152px\" \/>\t\t\t\t\t\t\t\t\t\t\t\t\t\t\t<\/div>\n\t\t\t\t<\/div>\n\t\t\t\t<div class=\"elementor-element elementor-element-755eff6 elementor-widget__width-initial elementor-widget elementor-widget-text-editor\" data-id=\"755eff6\" data-element_type=\"widget\" data-e-type=\"widget\" data-widget_type=\"text-editor.default\">\n\t\t\t\t<div class=\"elementor-widget-container\">\n\t\t\t\t\t\t\t\t\t<blockquote>\n<h5><span style=\"color: #000000; font-weight: normal;\">&nbsp;<\/span><\/h5>\n<\/blockquote>\t\t\t\t\t\t\t\t<\/div>\n\t\t\t\t<\/div>\n\t\t\t\t\t<\/div>\n\t\t<\/div>\n\t\t\t\t<div class=\"elementor-column elementor-col-50 elementor-top-column elementor-element elementor-element-f17cac4\" data-id=\"f17cac4\" data-element_type=\"column\" data-e-type=\"column\">\n\t\t\t<div class=\"elementor-widget-wrap elementor-element-populated\">\n\t\t\t\t\t\t<div class=\"elementor-element elementor-element-524b77f elementor-drop-cap-yes elementor-drop-cap-view-default elementor-widget elementor-widget-text-editor\" data-id=\"524b77f\" data-element_type=\"widget\" data-e-type=\"widget\" data-settings=\"{&quot;drop_cap&quot;:&quot;yes&quot;}\" data-widget_type=\"text-editor.default\">\n\t\t\t\t<div class=\"elementor-widget-container\">\n\t\t\t\t\t\t\t\t\t<h5><strong><em><span style=\"color: #000000;\">Life &amp; Salud es una empresa que surge a partir de la experiencia familiar, centrada en la prestaci\u00f3n de cuidados a adultos mayores en el \u00e1mbito domiciliario. Nuestro prop\u00f3sito se basa en el conocimiento adquirido a nivel personal, fusionando la experiencia de madre e hija.<\/span><\/em><\/strong><\/h5><div><em><span style=\"color: #000000;\">\u00a0<\/span><\/em><\/div><p><em><span style=\"color: #000000;\">H<\/span>emos desarrollado un enfoque integral que incorpora diversos servicios\u00a0 profesionales adaptados a las necesidades espec\u00edficas de cada paciente. Nuestro objetivo es entregar\u00a0 un\u00a0 servicio de calidad al adulto mayor , priorizando el bienestar f\u00edsico y cognitivo; abarcando la totalidad de la atenci\u00f3n en salud a trav\u00e9s de la integraci\u00f3n de servicios adicionales.\u00a0<\/em><\/p><p><em><span style=\"font-weight: inherit;\">Nuestro equipo multidisciplinario comprende profesionales de enfermer\u00eda, m\u00e9dicos generales, kinesi\u00f3logos f\u00edsicos y\u00a0 respiratorios. Nos comprometemos a proporcionar un servicio completo y especializado, asegurando el bienestar integral de nuestros pacientes con un enfoque centrado en la calidad y la excelencia en el cuidado de la salud.<\/span><\/em><\/p>\t\t\t\t\t\t\t\t<\/div>\n\t\t\t\t<\/div>\n\t\t\t\t\t<\/div>\n\t\t<\/div>\n\t\t\t\t\t<\/div>\n\t\t<\/section>\n\t\t\t\t<\/div>\n\t\t","protected":false},"excerpt":{"rendered":"<p>&nbsp; Life &amp; Salud es una empresa que surge a partir de la experiencia familiar, centrada en la prestaci\u00f3n de cuidados a adultos mayores en el \u00e1mbito domiciliario. Nuestro prop\u00f3sito se basa en el conocimiento adquirido a nivel personal, fusionando la experiencia de madre e hija. \u00a0 Hemos desarrollado un enfoque integral que incorpora diversos [&hellip;]<\/p>\n","protected":false},"author":1,"featured_media":0,"parent":0,"menu_order":4,"comment_status":"closed","ping_status":"closed","template":"","meta":{"site-sidebar-layout":"default","site-content-layout":"default","ast-site-content-layout":"default","site-content-style":"default","site-sidebar-style":"default","ast-global-header-display":"","ast-banner-title-visibility":"","ast-main-header-display":"","ast-hfb-above-header-display":"","ast-hfb-below-header-display":"","ast-hfb-mobile-header-display":"","site-post-title":"","ast-breadcrumbs-content":"","ast-featured-img":"disabled","footer-sml-layout":"","ast-disable-related-posts":"","theme-transparent-header-meta":"","adv-header-id-meta":"","stick-header-meta":"","header-above-stick-meta":"","header-main-stick-meta":"","header-below-stick-meta":"","astra-migrate-meta-layouts":"default","ast-page-background-enabled":"default","ast-page-background-meta":{"desktop":{"background-color":"var(--ast-global-color-4)","background-image":"","background-repeat":"repeat","background-position":"center center","background-size":"auto","background-attachment":"scroll","background-type":"","background-media":"","overlay-type":"","overlay-color":"","overlay-opacity":"","overlay-gradient":""},"tablet":{"background-color":"","background-image":"","background-repeat":"repeat","background-position":"center center","background-size":"auto","background-attachment":"scroll","background-type":"","background-media":"","overlay-type":"","overlay-color":"","overlay-opacity":"","overlay-gradient":""},"mobile":{"background-color":"","background-image":"","background-repeat":"repeat","background-position":"center center","background-size":"auto","background-attachment":"scroll","background-type":"","background-media":"","overlay-type":"","overlay-color":"","overlay-opacity":"","overlay-gradient":""}},"ast-content-background-meta":{"desktop":{"background-color":"var(--ast-global-color-5)","background-image":"","background-repeat":"repeat","background-position":"center center","background-size":"auto","background-attachment":"scroll","background-type":"","background-media":"","overlay-type":"","overlay-color":"","overlay-opacity":"","overlay-gradient":""},"tablet":{"background-color":"var(--ast-global-color-5)","background-image":"","background-repeat":"repeat","background-position":"center center","background-size":"auto","background-attachment":"scroll","background-type":"","background-media":"","overlay-type":"","overlay-color":"","overlay-opacity":"","overlay-gradient":""},"mobile":{"background-color":"var(--ast-global-color-5)","background-image":"","background-repeat":"repeat","background-position":"center center","background-size":"auto","background-attachment":"scroll","background-type":"","background-media":"","overlay-type":"","overlay-color":"","overlay-opacity":"","overlay-gradient":""}},"footnotes":""},"class_list":["post-14","page","type-page","status-publish","hentry"],"_links":{"self":[{"href":"https:\/\/lifeysalud.cl\/index.php\/wp-json\/wp\/v2\/pages\/14","targetHints":{"allow":["GET"]}}],"collection":[{"href":"https:\/\/lifeysalud.cl\/index.php\/wp-json\/wp\/v2\/pages"}],"about":[{"href":"https:\/\/lifeysalud.cl\/index.php\/wp-json\/wp\/v2\/types\/page"}],"author":[{"embeddable":true,"href":"https:\/\/lifeysalud.cl\/index.php\/wp-json\/wp\/v2\/users\/1"}],"replies":[{"embeddable":true,"href":"https:\/\/lifeysalud.cl\/index.php\/wp-json\/wp\/v2\/comments?post=14"}],"version-history":[{"count":88,"href":"https:\/\/lifeysalud.cl\/index.php\/wp-json\/wp\/v2\/pages\/14\/revisions"}],"predecessor-version":[{"id":1473,"href":"https:\/\/lifeysalud.cl\/index.php\/wp-json\/wp\/v2\/pages\/14\/revisions\/1473"}],"wp:attachment":[{"href":"https:\/\/lifeysalud.cl\/index.php\/wp-json\/wp\/v2\/media?parent=14"}],"curies":[{"name":"wp","href":"https:\/\/api.w.org\/{rel}","templated":true}]}}