{"id":15,"date":"2022-12-26T19:50:04","date_gmt":"2022-12-26T19:50:04","guid":{"rendered":"https:\/\/lifeysalud.cl\/?page_id=15"},"modified":"2024-01-25T22:35:53","modified_gmt":"2024-01-25T22:35:53","slug":"equipo-multidiciplinario","status":"publish","type":"page","link":"https:\/\/lifeysalud.cl\/index.php\/equipo-multidiciplinario\/","title":{"rendered":"Equipo Multidisciplinario"},"content":{"rendered":"\t\t<div data-elementor-type=\"wp-page\" data-elementor-id=\"15\" class=\"elementor elementor-15\">\n\t\t\t\t\t\t<section class=\"elementor-section elementor-top-section elementor-element elementor-element-7948266 elementor-section-boxed elementor-section-height-default elementor-section-height-default\" data-id=\"7948266\" data-element_type=\"section\" data-e-type=\"section\">\n\t\t\t\t\t\t<div class=\"elementor-container elementor-column-gap-default\">\n\t\t\t\t\t<div class=\"elementor-column elementor-col-100 elementor-top-column elementor-element elementor-element-d4c95d9\" data-id=\"d4c95d9\" data-element_type=\"column\" data-e-type=\"column\">\n\t\t\t<div class=\"elementor-widget-wrap elementor-element-populated\">\n\t\t\t\t\t\t\t<\/div>\n\t\t<\/div>\n\t\t\t\t\t<\/div>\n\t\t<\/section>\n\t\t\t\t<section class=\"elementor-section elementor-top-section elementor-element elementor-element-ae6086c elementor-section-boxed elementor-section-height-default elementor-section-height-default\" data-id=\"ae6086c\" data-element_type=\"section\" data-e-type=\"section\">\n\t\t\t\t\t\t<div class=\"elementor-container elementor-column-gap-default\">\n\t\t\t\t\t<div class=\"elementor-column elementor-col-100 elementor-top-column elementor-element elementor-element-ecce3d7\" data-id=\"ecce3d7\" data-element_type=\"column\" data-e-type=\"column\">\n\t\t\t<div class=\"elementor-widget-wrap elementor-element-populated\">\n\t\t\t\t\t\t<div class=\"elementor-element elementor-element-256b47b elementor-widget elementor-widget-spacer\" data-id=\"256b47b\" data-element_type=\"widget\" data-e-type=\"widget\" data-widget_type=\"spacer.default\">\n\t\t\t\t<div class=\"elementor-widget-container\">\n\t\t\t\t\t\t\t<div class=\"elementor-spacer\">\n\t\t\t<div class=\"elementor-spacer-inner\"><\/div>\n\t\t<\/div>\n\t\t\t\t\t\t<\/div>\n\t\t\t\t<\/div>\n\t\t\t\t\t<\/div>\n\t\t<\/div>\n\t\t\t\t\t<\/div>\n\t\t<\/section>\n\t\t\t\t<section class=\"elementor-section elementor-top-section elementor-element elementor-element-17ba00e elementor-section-boxed elementor-section-height-default elementor-section-height-default\" data-id=\"17ba00e\" data-element_type=\"section\" data-e-type=\"section\">\n\t\t\t\t\t\t<div class=\"elementor-container elementor-column-gap-default\">\n\t\t\t\t\t<div class=\"elementor-column elementor-col-33 elementor-top-column elementor-element elementor-element-cb5d74c\" data-id=\"cb5d74c\" data-element_type=\"column\" data-e-type=\"column\">\n\t\t\t<div class=\"elementor-widget-wrap elementor-element-populated\">\n\t\t\t\t\t\t<div class=\"elementor-element elementor-element-0899b5b elementor-widget elementor-widget-heading\" data-id=\"0899b5b\" data-element_type=\"widget\" data-e-type=\"widget\" data-widget_type=\"heading.default\">\n\t\t\t\t<div class=\"elementor-widget-container\">\n\t\t\t\t\t<h2 class=\"elementor-heading-title elementor-size-default\">\u2022\tM\u00e9dicos<\/h2>\t\t\t\t<\/div>\n\t\t\t\t<\/div>\n\t\t\t\t<div class=\"elementor-element elementor-element-052f432 elementor-widget elementor-widget-text-editor\" data-id=\"052f432\" data-element_type=\"widget\" data-e-type=\"widget\" data-widget_type=\"text-editor.default\">\n\t\t\t\t<div class=\"elementor-widget-container\">\n\t\t\t\t\t\t\t\t\t<h6><span style=\"color: #000000;\"><span style=\"font-weight: normal;\">Ofrecemos la evaluaci\u00f3n y seguimiento al adulto mayor en sus problemas de salud.\u00a0<br \/>As\u00ed como orientaci\u00f3n sobre c\u00f3mo mantener un estilo de vida saludable.<\/span><\/span><\/h6>\t\t\t\t\t\t\t\t<\/div>\n\t\t\t\t<\/div>\n\t\t\t\t<div class=\"elementor-element elementor-element-e6a1ea8 elementor-widget elementor-widget-image\" data-id=\"e6a1ea8\" data-element_type=\"widget\" data-e-type=\"widget\" data-widget_type=\"image.default\">\n\t\t\t\t<div class=\"elementor-widget-container\">\n\t\t\t\t\t\t\t\t\t\t\t\t\t\t\t<img fetchpriority=\"high\" decoding=\"async\" width=\"300\" height=\"203\" src=\"https:\/\/lifeysalud.cl\/wp-content\/uploads\/2024\/01\/Captura-de-pantalla-2024-01-22-111944-300x203.png\" class=\"attachment-medium size-medium wp-image-687\" alt=\"\" srcset=\"https:\/\/lifeysalud.cl\/wp-content\/uploads\/2024\/01\/Captura-de-pantalla-2024-01-22-111944-300x203.png 300w, https:\/\/lifeysalud.cl\/wp-content\/uploads\/2024\/01\/Captura-de-pantalla-2024-01-22-111944-600x406.png 600w, https:\/\/lifeysalud.cl\/wp-content\/uploads\/2024\/01\/Captura-de-pantalla-2024-01-22-111944-768x519.png 768w, https:\/\/lifeysalud.cl\/wp-content\/uploads\/2024\/01\/Captura-de-pantalla-2024-01-22-111944.png 806w\" sizes=\"(max-width: 300px) 100vw, 300px\" \/>\t\t\t\t\t\t\t\t\t\t\t\t\t\t\t<\/div>\n\t\t\t\t<\/div>\n\t\t\t\t\t<\/div>\n\t\t<\/div>\n\t\t\t\t<div class=\"elementor-column elementor-col-33 elementor-top-column elementor-element elementor-element-97416d0\" data-id=\"97416d0\" data-element_type=\"column\" data-e-type=\"column\">\n\t\t\t<div class=\"elementor-widget-wrap elementor-element-populated\">\n\t\t\t\t\t\t<div class=\"elementor-element elementor-element-6363060 elementor-widget elementor-widget-heading\" data-id=\"6363060\" data-element_type=\"widget\" data-e-type=\"widget\" data-widget_type=\"heading.default\">\n\t\t\t\t<div class=\"elementor-widget-container\">\n\t\t\t\t\t<h2 class=\"elementor-heading-title elementor-size-default\">\u2022\tKinesi\u00f3logos <\/h2>\t\t\t\t<\/div>\n\t\t\t\t<\/div>\n\t\t\t\t<div class=\"elementor-element elementor-element-b081655 elementor-widget__width-initial elementor-widget elementor-widget-text-editor\" data-id=\"b081655\" data-element_type=\"widget\" data-e-type=\"widget\" data-widget_type=\"text-editor.default\">\n\t\t\t\t<div class=\"elementor-widget-container\">\n\t\t\t\t\t\t\t\t\t<h6><span style=\"color: #808000; font-weight: normal;\"><span style=\"color: #000000;\">Entregamos una modalidad que permite al adulto mayor mejorar su calidad de vida en su hogar proporcionando atenci\u00f3n especializada con kinesi\u00f3logos f\u00edsicos y\u00a0 respiratorios, seg\u00fan la complejidad y necesidad del paciente<\/span>.<\/span><\/h6>\t\t\t\t\t\t\t\t<\/div>\n\t\t\t\t<\/div>\n\t\t\t\t<div class=\"elementor-element elementor-element-2328836 elementor-widget elementor-widget-image\" data-id=\"2328836\" data-element_type=\"widget\" data-e-type=\"widget\" data-widget_type=\"image.default\">\n\t\t\t\t<div class=\"elementor-widget-container\">\n\t\t\t\t\t\t\t\t\t\t\t\t\t\t\t<img decoding=\"async\" width=\"300\" height=\"179\" src=\"https:\/\/lifeysalud.cl\/wp-content\/uploads\/2024\/01\/Captura-de-pantalla-2024-01-22-114435-300x179.png\" class=\"attachment-medium size-medium wp-image-699\" alt=\"\" srcset=\"https:\/\/lifeysalud.cl\/wp-content\/uploads\/2024\/01\/Captura-de-pantalla-2024-01-22-114435-300x179.png 300w, https:\/\/lifeysalud.cl\/wp-content\/uploads\/2024\/01\/Captura-de-pantalla-2024-01-22-114435-600x358.png 600w, https:\/\/lifeysalud.cl\/wp-content\/uploads\/2024\/01\/Captura-de-pantalla-2024-01-22-114435-768x458.png 768w, https:\/\/lifeysalud.cl\/wp-content\/uploads\/2024\/01\/Captura-de-pantalla-2024-01-22-114435.png 902w\" sizes=\"(max-width: 300px) 100vw, 300px\" \/>\t\t\t\t\t\t\t\t\t\t\t\t\t\t\t<\/div>\n\t\t\t\t<\/div>\n\t\t\t\t\t<\/div>\n\t\t<\/div>\n\t\t\t\t<div class=\"elementor-column elementor-col-33 elementor-top-column elementor-element elementor-element-e2d87f4\" data-id=\"e2d87f4\" data-element_type=\"column\" data-e-type=\"column\">\n\t\t\t<div class=\"elementor-widget-wrap elementor-element-populated\">\n\t\t\t\t\t\t<div class=\"elementor-element elementor-element-2d0be48 elementor-widget elementor-widget-heading\" data-id=\"2d0be48\" data-element_type=\"widget\" data-e-type=\"widget\" data-widget_type=\"heading.default\">\n\t\t\t\t<div class=\"elementor-widget-container\">\n\t\t\t\t\t<h2 class=\"elementor-heading-title elementor-size-default\">\u2022\tFonoaudi\u00f3logos <\/h2>\t\t\t\t<\/div>\n\t\t\t\t<\/div>\n\t\t\t\t<div class=\"elementor-element elementor-element-8630f78 elementor-widget__width-initial elementor-widget elementor-widget-text-editor\" data-id=\"8630f78\" data-element_type=\"widget\" data-e-type=\"widget\" data-widget_type=\"text-editor.default\">\n\t\t\t\t<div class=\"elementor-widget-container\">\n\t\t\t\t\t\t\t\t\t<h6><span style=\"font-weight: normal; color: #000000;\">Contamos con el apoyo de fonoaudi\u00f3logos que se encuentran capacitados con la mayor veracidad y disponibilidad en atender sus necesidades dentro de su entorno.\u00a0<\/span><\/h6>\t\t\t\t\t\t\t\t<\/div>\n\t\t\t\t<\/div>\n\t\t\t\t<div class=\"elementor-element elementor-element-dfa79d1 elementor-widget elementor-widget-image\" data-id=\"dfa79d1\" data-element_type=\"widget\" data-e-type=\"widget\" data-widget_type=\"image.default\">\n\t\t\t\t<div class=\"elementor-widget-container\">\n\t\t\t\t\t\t\t\t\t\t\t\t\t\t\t<img decoding=\"async\" width=\"300\" height=\"200\" src=\"https:\/\/lifeysalud.cl\/wp-content\/uploads\/2024\/01\/Captura-de-pantalla-2024-01-22-112101-300x200.png\" class=\"attachment-medium size-medium wp-image-689\" alt=\"\" srcset=\"https:\/\/lifeysalud.cl\/wp-content\/uploads\/2024\/01\/Captura-de-pantalla-2024-01-22-112101-300x200.png 300w, https:\/\/lifeysalud.cl\/wp-content\/uploads\/2024\/01\/Captura-de-pantalla-2024-01-22-112101-600x400.png 600w, https:\/\/lifeysalud.cl\/wp-content\/uploads\/2024\/01\/Captura-de-pantalla-2024-01-22-112101-768x512.png 768w, https:\/\/lifeysalud.cl\/wp-content\/uploads\/2024\/01\/Captura-de-pantalla-2024-01-22-112101.png 811w\" sizes=\"(max-width: 300px) 100vw, 300px\" \/>\t\t\t\t\t\t\t\t\t\t\t\t\t\t\t<\/div>\n\t\t\t\t<\/div>\n\t\t\t\t\t<\/div>\n\t\t<\/div>\n\t\t\t\t\t<\/div>\n\t\t<\/section>\n\t\t\t\t<section class=\"elementor-section elementor-top-section elementor-element elementor-element-3f1db11 elementor-section-boxed elementor-section-height-default elementor-section-height-default\" data-id=\"3f1db11\" data-element_type=\"section\" data-e-type=\"section\">\n\t\t\t\t\t\t<div class=\"elementor-container elementor-column-gap-default\">\n\t\t\t\t\t<div class=\"elementor-column elementor-col-100 elementor-top-column elementor-element elementor-element-b254577\" data-id=\"b254577\" data-element_type=\"column\" data-e-type=\"column\">\n\t\t\t<div class=\"elementor-widget-wrap elementor-element-populated\">\n\t\t\t\t\t\t<div class=\"elementor-element elementor-element-f868c07 elementor-widget elementor-widget-spacer\" data-id=\"f868c07\" data-element_type=\"widget\" data-e-type=\"widget\" data-widget_type=\"spacer.default\">\n\t\t\t\t<div class=\"elementor-widget-container\">\n\t\t\t\t\t\t\t<div class=\"elementor-spacer\">\n\t\t\t<div class=\"elementor-spacer-inner\"><\/div>\n\t\t<\/div>\n\t\t\t\t\t\t<\/div>\n\t\t\t\t<\/div>\n\t\t\t\t\t<\/div>\n\t\t<\/div>\n\t\t\t\t\t<\/div>\n\t\t<\/section>\n\t\t\t\t<section class=\"elementor-section elementor-top-section elementor-element elementor-element-6c55df1 elementor-section-boxed elementor-section-height-default elementor-section-height-default\" data-id=\"6c55df1\" data-element_type=\"section\" data-e-type=\"section\">\n\t\t\t\t\t\t<div class=\"elementor-container elementor-column-gap-default\">\n\t\t\t\t\t<div class=\"elementor-column elementor-col-50 elementor-top-column elementor-element elementor-element-4faafab\" data-id=\"4faafab\" data-element_type=\"column\" data-e-type=\"column\">\n\t\t\t<div class=\"elementor-widget-wrap elementor-element-populated\">\n\t\t\t\t\t\t<div class=\"elementor-element elementor-element-1a973e9 elementor-widget elementor-widget-heading\" data-id=\"1a973e9\" data-element_type=\"widget\" data-e-type=\"widget\" data-widget_type=\"heading.default\">\n\t\t\t\t<div class=\"elementor-widget-container\">\n\t\t\t\t\t<h2 class=\"elementor-heading-title elementor-size-default\">\u2022 Enfermeras<\/h2>\t\t\t\t<\/div>\n\t\t\t\t<\/div>\n\t\t\t\t<div class=\"elementor-element elementor-element-a5eaac1 elementor-widget__width-initial elementor-widget elementor-widget-text-editor\" data-id=\"a5eaac1\" data-element_type=\"widget\" data-e-type=\"widget\" data-widget_type=\"text-editor.default\">\n\t\t\t\t<div class=\"elementor-widget-container\">\n\t\t\t\t\t\t\t\t\t<h6><span style=\"color: #000000;\"><span style=\"font-weight: normal;\">Contamos con el equipo de enfermeras, tens en enfermer\u00eda, y cuidadoras;&nbsp;<\/span><span style=\"font-weight: normal;\">p<\/span><span style=\"font-weight: normal;\">roporcionando un cuidado personalizado a las necesidades espec\u00edficas de cada paciente.<\/span><\/span><\/h6>\t\t\t\t\t\t\t\t<\/div>\n\t\t\t\t<\/div>\n\t\t\t\t<div class=\"elementor-element elementor-element-74d293c elementor-widget elementor-widget-image\" data-id=\"74d293c\" data-element_type=\"widget\" data-e-type=\"widget\" data-widget_type=\"image.default\">\n\t\t\t\t<div class=\"elementor-widget-container\">\n\t\t\t\t\t\t\t\t\t\t\t\t\t\t\t<img loading=\"lazy\" decoding=\"async\" width=\"300\" height=\"200\" src=\"https:\/\/lifeysalud.cl\/wp-content\/uploads\/2024\/01\/Captura-de-pantalla-2024-01-22-115815-300x200.png\" class=\"attachment-medium size-medium wp-image-702\" alt=\"\" srcset=\"https:\/\/lifeysalud.cl\/wp-content\/uploads\/2024\/01\/Captura-de-pantalla-2024-01-22-115815-300x200.png 300w, https:\/\/lifeysalud.cl\/wp-content\/uploads\/2024\/01\/Captura-de-pantalla-2024-01-22-115815-600x399.png 600w, https:\/\/lifeysalud.cl\/wp-content\/uploads\/2024\/01\/Captura-de-pantalla-2024-01-22-115815-768x511.png 768w, https:\/\/lifeysalud.cl\/wp-content\/uploads\/2024\/01\/Captura-de-pantalla-2024-01-22-115815.png 809w\" sizes=\"(max-width: 300px) 100vw, 300px\" \/>\t\t\t\t\t\t\t\t\t\t\t\t\t\t\t<\/div>\n\t\t\t\t<\/div>\n\t\t\t\t\t<\/div>\n\t\t<\/div>\n\t\t\t\t<div class=\"elementor-column elementor-col-50 elementor-top-column elementor-element elementor-element-2fb4d44\" data-id=\"2fb4d44\" data-element_type=\"column\" data-e-type=\"column\">\n\t\t\t<div class=\"elementor-widget-wrap elementor-element-populated\">\n\t\t\t\t\t\t<div class=\"elementor-element elementor-element-393429b elementor-widget elementor-widget-image\" data-id=\"393429b\" data-element_type=\"widget\" data-e-type=\"widget\" data-widget_type=\"image.default\">\n\t\t\t\t<div class=\"elementor-widget-container\">\n\t\t\t\t\t\t\t\t\t\t\t\t\t\t\t<img loading=\"lazy\" decoding=\"async\" width=\"816\" height=\"541\" src=\"https:\/\/lifeysalud.cl\/wp-content\/uploads\/2024\/01\/hjfj.png\" class=\"attachment-large size-large wp-image-704\" alt=\"\" srcset=\"https:\/\/lifeysalud.cl\/wp-content\/uploads\/2024\/01\/hjfj.png 816w, https:\/\/lifeysalud.cl\/wp-content\/uploads\/2024\/01\/hjfj-600x398.png 600w, https:\/\/lifeysalud.cl\/wp-content\/uploads\/2024\/01\/hjfj-300x199.png 300w, https:\/\/lifeysalud.cl\/wp-content\/uploads\/2024\/01\/hjfj-768x509.png 768w\" sizes=\"(max-width: 816px) 100vw, 816px\" \/>\t\t\t\t\t\t\t\t\t\t\t\t\t\t\t<\/div>\n\t\t\t\t<\/div>\n\t\t\t\t\t<\/div>\n\t\t<\/div>\n\t\t\t\t\t<\/div>\n\t\t<\/section>\n\t\t\t\t<section class=\"elementor-section elementor-top-section elementor-element elementor-element-61b5e03 elementor-section-boxed elementor-section-height-default elementor-section-height-default\" data-id=\"61b5e03\" data-element_type=\"section\" data-e-type=\"section\">\n\t\t\t\t\t\t<div class=\"elementor-container elementor-column-gap-default\">\n\t\t\t\t\t<div class=\"elementor-column elementor-col-100 elementor-top-column elementor-element elementor-element-fe19a31\" data-id=\"fe19a31\" data-element_type=\"column\" data-e-type=\"column\">\n\t\t\t<div class=\"elementor-widget-wrap\">\n\t\t\t\t\t\t\t<\/div>\n\t\t<\/div>\n\t\t\t\t\t<\/div>\n\t\t<\/section>\n\t\t\t\t<\/div>\n\t\t","protected":false},"excerpt":{"rendered":"<p>\u2022 M\u00e9dicos Ofrecemos la evaluaci\u00f3n y seguimiento al adulto mayor en sus problemas de salud.\u00a0As\u00ed como orientaci\u00f3n sobre c\u00f3mo mantener un estilo de vida saludable. \u2022 Kinesi\u00f3logos Entregamos una modalidad que permite al adulto mayor mejorar su calidad de vida en su hogar proporcionando atenci\u00f3n especializada con kinesi\u00f3logos f\u00edsicos y\u00a0 respiratorios, seg\u00fan la complejidad y [&hellip;]<\/p>\n","protected":false},"author":1,"featured_media":0,"parent":0,"menu_order":0,"comment_status":"closed","ping_status":"closed","template":"","meta":{"site-sidebar-layout":"default","site-content-layout":"default","ast-site-content-layout":"default","site-content-style":"default","site-sidebar-style":"default","ast-global-header-display":"","ast-banner-title-visibility":"","ast-main-header-display":"","ast-hfb-above-header-display":"","ast-hfb-below-header-display":"","ast-hfb-mobile-header-display":"","site-post-title":"","ast-breadcrumbs-content":"","ast-featured-img":"disabled","footer-sml-layout":"","ast-disable-related-posts":"","theme-transparent-header-meta":"","adv-header-id-meta":"","stick-header-meta":"","header-above-stick-meta":"","header-main-stick-meta":"","header-below-stick-meta":"","astra-migrate-meta-layouts":"default","ast-page-background-enabled":"default","ast-page-background-meta":{"desktop":{"background-color":"var(--ast-global-color-4)","background-image":"","background-repeat":"repeat","background-position":"center center","background-size":"auto","background-attachment":"scroll","background-type":"","background-media":"","overlay-type":"","overlay-color":"","overlay-opacity":"","overlay-gradient":""},"tablet":{"background-color":"","background-image":"","background-repeat":"repeat","background-position":"center center","background-size":"auto","background-attachment":"scroll","background-type":"","background-media":"","overlay-type":"","overlay-color":"","overlay-opacity":"","overlay-gradient":""},"mobile":{"background-color":"","background-image":"","background-repeat":"repeat","background-position":"center center","background-size":"auto","background-attachment":"scroll","background-type":"","background-media":"","overlay-type":"","overlay-color":"","overlay-opacity":"","overlay-gradient":""}},"ast-content-background-meta":{"desktop":{"background-color":"var(--ast-global-color-5)","background-image":"","background-repeat":"repeat","background-position":"center center","background-size":"auto","background-attachment":"scroll","background-type":"","background-media":"","overlay-type":"","overlay-color":"","overlay-opacity":"","overlay-gradient":""},"tablet":{"background-color":"var(--ast-global-color-5)","background-image":"","background-repeat":"repeat","background-position":"center center","background-size":"auto","background-attachment":"scroll","background-type":"","background-media":"","overlay-type":"","overlay-color":"","overlay-opacity":"","overlay-gradient":""},"mobile":{"background-color":"var(--ast-global-color-5)","background-image":"","background-repeat":"repeat","background-position":"center center","background-size":"auto","background-attachment":"scroll","background-type":"","background-media":"","overlay-type":"","overlay-color":"","overlay-opacity":"","overlay-gradient":""}},"footnotes":""},"class_list":["post-15","page","type-page","status-publish","hentry"],"_links":{"self":[{"href":"https:\/\/lifeysalud.cl\/index.php\/wp-json\/wp\/v2\/pages\/15","targetHints":{"allow":["GET"]}}],"collection":[{"href":"https:\/\/lifeysalud.cl\/index.php\/wp-json\/wp\/v2\/pages"}],"about":[{"href":"https:\/\/lifeysalud.cl\/index.php\/wp-json\/wp\/v2\/types\/page"}],"author":[{"embeddable":true,"href":"https:\/\/lifeysalud.cl\/index.php\/wp-json\/wp\/v2\/users\/1"}],"replies":[{"embeddable":true,"href":"https:\/\/lifeysalud.cl\/index.php\/wp-json\/wp\/v2\/comments?post=15"}],"version-history":[{"count":253,"href":"https:\/\/lifeysalud.cl\/index.php\/wp-json\/wp\/v2\/pages\/15\/revisions"}],"predecessor-version":[{"id":1104,"href":"https:\/\/lifeysalud.cl\/index.php\/wp-json\/wp\/v2\/pages\/15\/revisions\/1104"}],"wp:attachment":[{"href":"https:\/\/lifeysalud.cl\/index.php\/wp-json\/wp\/v2\/media?parent=15"}],"curies":[{"name":"wp","href":"https:\/\/api.w.org\/{rel}","templated":true}]}}