{"id":793,"date":"2024-01-23T17:15:26","date_gmt":"2024-01-23T17:15:26","guid":{"rendered":"https:\/\/lifeysalud.cl\/?page_id=793"},"modified":"2024-02-29T18:37:22","modified_gmt":"2024-02-29T18:37:22","slug":"plan-bienestar-dorado-copy","status":"publish","type":"page","link":"https:\/\/lifeysalud.cl\/index.php\/plan-bienestar-dorado-copy\/","title":{"rendered":"PLAN \u00abVIDA PLENA\u00bb"},"content":{"rendered":"\t\t<div data-elementor-type=\"wp-page\" data-elementor-id=\"793\" class=\"elementor elementor-793\">\n\t\t\t\t\t\t<section class=\"elementor-section elementor-top-section elementor-element elementor-element-34aacf0 elementor-section-boxed elementor-section-height-default elementor-section-height-default\" data-id=\"34aacf0\" data-element_type=\"section\" data-e-type=\"section\">\n\t\t\t\t\t\t<div class=\"elementor-container elementor-column-gap-default\">\n\t\t\t\t\t<div class=\"elementor-column elementor-col-100 elementor-top-column elementor-element elementor-element-3cddeec\" data-id=\"3cddeec\" data-element_type=\"column\" data-e-type=\"column\">\n\t\t\t<div class=\"elementor-widget-wrap elementor-element-populated\">\n\t\t\t\t\t\t<div class=\"elementor-element elementor-element-01c769c elementor-widget elementor-widget-heading\" data-id=\"01c769c\" data-element_type=\"widget\" data-e-type=\"widget\" data-widget_type=\"heading.default\">\n\t\t\t\t<div class=\"elementor-widget-container\">\n\t\t\t\t\t<h2 class=\"elementor-heading-title elementor-size-default\">PLAN DE 12 HORAS <\/h2>\t\t\t\t<\/div>\n\t\t\t\t<\/div>\n\t\t\t\t\t<\/div>\n\t\t<\/div>\n\t\t\t\t\t<\/div>\n\t\t<\/section>\n\t\t\t\t<section class=\"elementor-section elementor-top-section elementor-element elementor-element-00749ed elementor-section-boxed elementor-section-height-default elementor-section-height-default\" data-id=\"00749ed\" data-element_type=\"section\" data-e-type=\"section\">\n\t\t\t\t\t\t<div class=\"elementor-container elementor-column-gap-default\">\n\t\t\t\t\t<div class=\"elementor-column elementor-col-50 elementor-top-column elementor-element elementor-element-6f3a1f8\" data-id=\"6f3a1f8\" data-element_type=\"column\" data-e-type=\"column\">\n\t\t\t<div class=\"elementor-widget-wrap elementor-element-populated\">\n\t\t\t\t\t\t<div class=\"elementor-element elementor-element-0bf1729 elementor-widget elementor-widget-image\" data-id=\"0bf1729\" data-element_type=\"widget\" data-e-type=\"widget\" data-widget_type=\"image.default\">\n\t\t\t\t<div class=\"elementor-widget-container\">\n\t\t\t\t\t\t\t\t\t\t\t\t\t\t\t<img fetchpriority=\"high\" decoding=\"async\" width=\"811\" height=\"537\" src=\"https:\/\/lifeysalud.cl\/wp-content\/uploads\/2024\/01\/Captura-de-pantalla-2024-01-22-112810.png\" class=\"attachment-1536x1536 size-1536x1536 wp-image-692\" alt=\"\" srcset=\"https:\/\/lifeysalud.cl\/wp-content\/uploads\/2024\/01\/Captura-de-pantalla-2024-01-22-112810.png 811w, https:\/\/lifeysalud.cl\/wp-content\/uploads\/2024\/01\/Captura-de-pantalla-2024-01-22-112810-600x397.png 600w, https:\/\/lifeysalud.cl\/wp-content\/uploads\/2024\/01\/Captura-de-pantalla-2024-01-22-112810-300x199.png 300w, https:\/\/lifeysalud.cl\/wp-content\/uploads\/2024\/01\/Captura-de-pantalla-2024-01-22-112810-768x509.png 768w\" sizes=\"(max-width: 811px) 100vw, 811px\" \/>\t\t\t\t\t\t\t\t\t\t\t\t\t\t\t<\/div>\n\t\t\t\t<\/div>\n\t\t\t\t<div class=\"elementor-element elementor-element-9dc20f6 elementor-widget elementor-widget-image\" data-id=\"9dc20f6\" data-element_type=\"widget\" data-e-type=\"widget\" data-widget_type=\"image.default\">\n\t\t\t\t<div class=\"elementor-widget-container\">\n\t\t\t\t\t\t\t\t\t\t\t\t\t\t\t<img decoding=\"async\" width=\"807\" height=\"543\" src=\"https:\/\/lifeysalud.cl\/wp-content\/uploads\/2024\/01\/Captura-de-pantalla-2024-01-22-114252.png\" class=\"attachment-large size-large wp-image-697\" alt=\"\" srcset=\"https:\/\/lifeysalud.cl\/wp-content\/uploads\/2024\/01\/Captura-de-pantalla-2024-01-22-114252.png 807w, https:\/\/lifeysalud.cl\/wp-content\/uploads\/2024\/01\/Captura-de-pantalla-2024-01-22-114252-600x404.png 600w, https:\/\/lifeysalud.cl\/wp-content\/uploads\/2024\/01\/Captura-de-pantalla-2024-01-22-114252-300x202.png 300w, https:\/\/lifeysalud.cl\/wp-content\/uploads\/2024\/01\/Captura-de-pantalla-2024-01-22-114252-768x517.png 768w\" sizes=\"(max-width: 807px) 100vw, 807px\" \/>\t\t\t\t\t\t\t\t\t\t\t\t\t\t\t<\/div>\n\t\t\t\t<\/div>\n\t\t\t\t\t<\/div>\n\t\t<\/div>\n\t\t\t\t<div class=\"elementor-column elementor-col-50 elementor-top-column elementor-element elementor-element-d71f3c3\" data-id=\"d71f3c3\" data-element_type=\"column\" data-e-type=\"column\">\n\t\t\t<div class=\"elementor-widget-wrap elementor-element-populated\">\n\t\t\t\t\t\t<div class=\"elementor-element elementor-element-5810253 elementor-widget__width-inherit elementor-widget elementor-widget-heading\" data-id=\"5810253\" data-element_type=\"widget\" data-e-type=\"widget\" data-widget_type=\"heading.default\">\n\t\t\t\t<div class=\"elementor-widget-container\">\n\t\t\t\t\t<h2 class=\"elementor-heading-title elementor-size-small\"><i>En Life y Salud, reconocemos la importancia de un cuidado especializado para garantizar la plenitud y bienestar de los adultos mayores. Nuestro plan ofrece atenci\u00f3n continua durante 12 horas al d\u00eda, considerando desde el cuidado personal hasta servicios de salud m\u00e1s especializados.<\/i><\/h2>\t\t\t\t<\/div>\n\t\t\t\t<\/div>\n\t\t\t\t<div class=\"elementor-element elementor-element-4a0e3bf elementor-widget elementor-widget-text-editor\" data-id=\"4a0e3bf\" data-element_type=\"widget\" data-e-type=\"widget\" data-widget_type=\"text-editor.default\">\n\t\t\t\t<div class=\"elementor-widget-container\">\n\t\t\t\t\t\t\t\t\t<h5 style=\"text-align: center;\"><strong><span style=\"color: #808000;\">\u00bfQu\u00e9 incluyen nuestros servicios?<\/span><\/strong><\/h5>\t\t\t\t\t\t\t\t<\/div>\n\t\t\t\t<\/div>\n\t\t\t\t<div class=\"elementor-element elementor-element-6c986bb elementor-drop-cap-yes elementor-drop-cap-view-default elementor-widget elementor-widget-text-editor\" data-id=\"6c986bb\" data-element_type=\"widget\" data-e-type=\"widget\" data-settings=\"{&quot;drop_cap&quot;:&quot;yes&quot;}\" data-widget_type=\"text-editor.default\">\n\t\t\t\t<div class=\"elementor-widget-container\">\n\t\t\t\t\t\t\t\t\t<ul><li><span style=\"color: #000000;\"><em><span class=\"OYPEnA text-decoration-none text-strikethrough-none\"><strong>Acompa\u00f1amiento Continuo (12 horas al d\u00eda)<\/strong>: Un cuidador altamente capacitado y\/o profesional entregar\u00e1\u00a0 asistencia y compa\u00f1\u00eda constante al adulto mayor.<\/span><\/em><\/span><\/li><li><span style=\"color: #000000;\"><em><span class=\"OYPEnA text-decoration-none text-strikethrough-none\"><strong>Cuidado Personalizado Avanzado:<\/strong> Asistencia completa en actividades diarias, movilidad y transferencias seguras.<\/span><\/em><\/span><\/li><li><span style=\"color: #000000;\"><em><span class=\"OYPEnA text-decoration-none text-strikethrough-none\"><strong>Control y Administraci\u00f3n de Medicamentos:<\/strong> Supervisi\u00f3n y administraci\u00f3n de medicamentos seg\u00fan las indicaciones m\u00e9dicas.<\/span><\/em><\/span><\/li><li><span style=\"color: #000000;\"><em><span class=\"OYPEnA text-decoration-none text-strikethrough-none\"><strong>Salidas Programadas:<\/strong> Paseos a lugares de inter\u00e9s y consultas m\u00e9dicas con acompa\u00f1amiento especializado.<\/span><\/em><\/span><\/li><li><span style=\"color: #000000;\"><em><span class=\"OYPEnA text-decoration-none text-strikethrough-none\"><strong>Actividades Recreativas y Estimulaci\u00f3n Mental:<\/strong> Programaci\u00f3n de actividades dise\u00f1adas para estimular cognitivamente y promover la salud mental.<\/span><\/em><\/span><\/li><\/ul>\t\t\t\t\t\t\t\t<\/div>\n\t\t\t\t<\/div>\n\t\t\t\t<div class=\"elementor-element elementor-element-4cf1600 elementor-align-center elementor-widget elementor-widget-button\" data-id=\"4cf1600\" data-element_type=\"widget\" data-e-type=\"widget\" data-widget_type=\"button.default\">\n\t\t\t\t<div class=\"elementor-widget-container\">\n\t\t\t\t\t\t\t\t\t<div class=\"elementor-button-wrapper\">\n\t\t\t\t\t<a class=\"elementor-button elementor-button-link elementor-size-sm\" href=\"https:\/\/wa.link\/slp91k\">\n\t\t\t\t\t\t<span class=\"elementor-button-content-wrapper\">\n\t\t\t\t\t\t\t\t\t<span class=\"elementor-button-text\">CUENTE CON NOSOTROS<\/span>\n\t\t\t\t\t<\/span>\n\t\t\t\t\t<\/a>\n\t\t\t\t<\/div>\n\t\t\t\t\t\t\t\t<\/div>\n\t\t\t\t<\/div>\n\t\t\t\t\t<\/div>\n\t\t<\/div>\n\t\t\t\t\t<\/div>\n\t\t<\/section>\n\t\t\t\t<section class=\"elementor-section elementor-top-section elementor-element elementor-element-253b338 elementor-section-boxed elementor-section-height-default elementor-section-height-default\" data-id=\"253b338\" data-element_type=\"section\" data-e-type=\"section\">\n\t\t\t\t\t\t<div class=\"elementor-container elementor-column-gap-default\">\n\t\t\t\t\t<div class=\"elementor-column elementor-col-100 elementor-top-column elementor-element elementor-element-12bdba5\" data-id=\"12bdba5\" data-element_type=\"column\" data-e-type=\"column\">\n\t\t\t<div class=\"elementor-widget-wrap elementor-element-populated\">\n\t\t\t\t\t\t<div class=\"elementor-element elementor-element-cbee53c elementor-drop-cap-yes elementor-drop-cap-view-default elementor-widget elementor-widget-text-editor\" data-id=\"cbee53c\" data-element_type=\"widget\" data-e-type=\"widget\" data-settings=\"{&quot;drop_cap&quot;:&quot;yes&quot;}\" data-widget_type=\"text-editor.default\">\n\t\t\t\t<div class=\"elementor-widget-container\">\n\t\t\t\t\t\t\t\t\t<pre style=\"text-align: center;\"><span style=\"color: #000000; font-family: S\u00f6hne, ui-sans-serif, system-ui, -apple-system, 'Segoe UI', Roboto, Ubuntu, Cantarell, 'Noto Sans', sans-serif, 'Helvetica Neue', Arial, 'Apple Color Emoji', 'Segoe UI Emoji', 'Segoe UI Symbol', 'Noto Color Emoji'; font-size: 16px; white-space-collapse: preserve;\"><span class=\"OYPEnA text-decoration-none text-strikethrough-none\">\"Cuidadoras de confianza, porque tu comodidad es nuestra misi\u00f3n.\"<\/span><\/span><\/pre>\t\t\t\t\t\t\t\t<\/div>\n\t\t\t\t<\/div>\n\t\t\t\t\t<\/div>\n\t\t<\/div>\n\t\t\t\t\t<\/div>\n\t\t<\/section>\n\t\t\t\t<section class=\"elementor-section elementor-top-section elementor-element elementor-element-8afaf02 elementor-section-boxed elementor-section-height-default elementor-section-height-default\" data-id=\"8afaf02\" data-element_type=\"section\" data-e-type=\"section\">\n\t\t\t\t\t\t<div class=\"elementor-container elementor-column-gap-default\">\n\t\t\t\t\t<div class=\"elementor-column elementor-col-100 elementor-top-column elementor-element elementor-element-5d6bafb\" data-id=\"5d6bafb\" data-element_type=\"column\" data-e-type=\"column\">\n\t\t\t<div class=\"elementor-widget-wrap\">\n\t\t\t\t\t\t\t<\/div>\n\t\t<\/div>\n\t\t\t\t\t<\/div>\n\t\t<\/section>\n\t\t\t\t<section class=\"elementor-section elementor-top-section elementor-element elementor-element-674c2f2 elementor-section-boxed elementor-section-height-default elementor-section-height-default\" data-id=\"674c2f2\" data-element_type=\"section\" data-e-type=\"section\">\n\t\t\t\t\t\t<div class=\"elementor-container elementor-column-gap-default\">\n\t\t\t\t\t<div class=\"elementor-column elementor-col-100 elementor-top-column elementor-element elementor-element-6620c85\" data-id=\"6620c85\" data-element_type=\"column\" data-e-type=\"column\">\n\t\t\t<div class=\"elementor-widget-wrap elementor-element-populated\">\n\t\t\t\t\t\t\t<\/div>\n\t\t<\/div>\n\t\t\t\t\t<\/div>\n\t\t<\/section>\n\t\t\t\t<\/div>\n\t\t","protected":false},"excerpt":{"rendered":"<p>PLAN DE 12 HORAS En Life y Salud, reconocemos la importancia de un cuidado especializado para garantizar la plenitud y bienestar de los adultos mayores. Nuestro plan ofrece atenci\u00f3n continua durante 12 horas al d\u00eda, considerando desde el cuidado personal hasta servicios de salud m\u00e1s especializados. \u00bfQu\u00e9 incluyen nuestros servicios? Acompa\u00f1amiento Continuo (12 horas al [&hellip;]<\/p>\n","protected":false},"author":1,"featured_media":0,"parent":0,"menu_order":0,"comment_status":"closed","ping_status":"closed","template":"","meta":{"site-sidebar-layout":"no-sidebar","site-content-layout":"page-builder","ast-site-content-layout":"full-width-container","site-content-style":"default","site-sidebar-style":"default","ast-global-header-display":"","ast-banner-title-visibility":"","ast-main-header-display":"","ast-hfb-above-header-display":"","ast-hfb-below-header-display":"","ast-hfb-mobile-header-display":"","site-post-title":"disabled","ast-breadcrumbs-content":"","ast-featured-img":"disabled","footer-sml-layout":"","ast-disable-related-posts":"","theme-transparent-header-meta":"","adv-header-id-meta":"","stick-header-meta":"","header-above-stick-meta":"","header-main-stick-meta":"","header-below-stick-meta":"","astra-migrate-meta-layouts":"set","ast-page-background-enabled":"default","ast-page-background-meta":{"desktop":{"background-color":"var(--ast-global-color-4)","background-image":"","background-repeat":"repeat","background-position":"center center","background-size":"auto","background-attachment":"scroll","background-type":"","background-media":"","overlay-type":"","overlay-color":"","overlay-opacity":"","overlay-gradient":""},"tablet":{"background-color":"","background-image":"","background-repeat":"repeat","background-position":"center center","background-size":"auto","background-attachment":"scroll","background-type":"","background-media":"","overlay-type":"","overlay-color":"","overlay-opacity":"","overlay-gradient":""},"mobile":{"background-color":"","background-image":"","background-repeat":"repeat","background-position":"center center","background-size":"auto","background-attachment":"scroll","background-type":"","background-media":"","overlay-type":"","overlay-color":"","overlay-opacity":"","overlay-gradient":""}},"ast-content-background-meta":{"desktop":{"background-color":"var(--ast-global-color-5)","background-image":"","background-repeat":"repeat","background-position":"center center","background-size":"auto","background-attachment":"scroll","background-type":"","background-media":"","overlay-type":"","overlay-color":"","overlay-opacity":"","overlay-gradient":""},"tablet":{"background-color":"var(--ast-global-color-5)","background-image":"","background-repeat":"repeat","background-position":"center center","background-size":"auto","background-attachment":"scroll","background-type":"","background-media":"","overlay-type":"","overlay-color":"","overlay-opacity":"","overlay-gradient":""},"mobile":{"background-color":"var(--ast-global-color-5)","background-image":"","background-repeat":"repeat","background-position":"center center","background-size":"auto","background-attachment":"scroll","background-type":"","background-media":"","overlay-type":"","overlay-color":"","overlay-opacity":"","overlay-gradient":""}},"footnotes":""},"class_list":["post-793","page","type-page","status-publish","hentry"],"_links":{"self":[{"href":"https:\/\/lifeysalud.cl\/index.php\/wp-json\/wp\/v2\/pages\/793","targetHints":{"allow":["GET"]}}],"collection":[{"href":"https:\/\/lifeysalud.cl\/index.php\/wp-json\/wp\/v2\/pages"}],"about":[{"href":"https:\/\/lifeysalud.cl\/index.php\/wp-json\/wp\/v2\/types\/page"}],"author":[{"embeddable":true,"href":"https:\/\/lifeysalud.cl\/index.php\/wp-json\/wp\/v2\/users\/1"}],"replies":[{"embeddable":true,"href":"https:\/\/lifeysalud.cl\/index.php\/wp-json\/wp\/v2\/comments?post=793"}],"version-history":[{"count":46,"href":"https:\/\/lifeysalud.cl\/index.php\/wp-json\/wp\/v2\/pages\/793\/revisions"}],"predecessor-version":[{"id":1786,"href":"https:\/\/lifeysalud.cl\/index.php\/wp-json\/wp\/v2\/pages\/793\/revisions\/1786"}],"wp:attachment":[{"href":"https:\/\/lifeysalud.cl\/index.php\/wp-json\/wp\/v2\/media?parent=793"}],"curies":[{"name":"wp","href":"https:\/\/api.w.org\/{rel}","templated":true}]}}